{"id":95,"date":"2023-12-21T12:21:25","date_gmt":"2023-12-21T11:21:25","guid":{"rendered":"https:\/\/06-12-24.ch\/?page_id=95"},"modified":"2023-12-21T12:47:16","modified_gmt":"2023-12-21T11:47:16","slug":"ablauf","status":"publish","type":"page","link":"https:\/\/06-12-24.ch\/?page_id=95","title":{"rendered":"Ablauf"},"content":{"rendered":"\n<p class=\"has-text-align-center\">Wir freuen uns, euch an unserem besonderen Tag dabei zu haben! Hier findest du die wichtigsten Infos f\u00fcr die Hochzeit am 06.12.2024.<br>     <\/p>\n\n\n\n<div style=\"height:80px\" aria-hidden=\"true\" class=\"wp-block-spacer\"><\/div>\n\n\n\n<div class=\"wp-block-media-text is-stacked-on-mobile is-image-fill\" style=\"grid-template-columns:38% auto\"><figure class=\"wp-block-media-text__media\" style=\"background-image:url(https:\/\/06-12-24.ch\/wp-content\/uploads\/2023\/12\/Haecki-2023-28-683x1024.jpg);background-position:47% 58%\"><img fetchpriority=\"high\" decoding=\"async\" width=\"683\" height=\"1024\" src=\"https:\/\/06-12-24.ch\/wp-content\/uploads\/2023\/12\/Haecki-2023-28-683x1024.jpg\" alt=\"\" class=\"wp-image-100 size-full\" srcset=\"https:\/\/06-12-24.ch\/wp-content\/uploads\/2023\/12\/Haecki-2023-28-683x1024.jpg 683w, https:\/\/06-12-24.ch\/wp-content\/uploads\/2023\/12\/Haecki-2023-28-200x300.jpg 200w, https:\/\/06-12-24.ch\/wp-content\/uploads\/2023\/12\/Haecki-2023-28-768x1152.jpg 768w, https:\/\/06-12-24.ch\/wp-content\/uploads\/2023\/12\/Haecki-2023-28-1024x1536.jpg 1024w, https:\/\/06-12-24.ch\/wp-content\/uploads\/2023\/12\/Haecki-2023-28-1365x2048.jpg 1365w, https:\/\/06-12-24.ch\/wp-content\/uploads\/2023\/12\/Haecki-2023-28-scaled.jpg 1707w\" sizes=\"(max-width: 683px) 100vw, 683px\" \/><\/figure><div class=\"wp-block-media-text__content\">\n<p class=\"has-text-align-center\"><strong>Standesamt<\/strong><\/p>\n\n\n\n<p class=\"has-text-align-center\">Der Treffpunkt* f\u00fcr alle geladenen G\u00e4ste f\u00fcr das Standesamt ist um 12.30 Uhr beim <a href=\"https:\/\/www.google.com\/maps\/place\/Landgasthaus+Bauernhof\/@47.0351566,8.5797875,15z\/data=!4m9!3m8!1s0x47855176b25d63b7:0x1472ee29084faa3f!5m2!4m1!1i2!8m2!3d47.0351566!4d8.5797875!16s%2Fg%2F1ptx91hkm?entry=ttu\">Landgasthaus Bauernhof in Lauerz<\/a><\/p>\n<\/div><\/div>\n\n\n\n<p class=\"has-text-align-center has-small-font-size\">*<em>Hinweis f\u00fcr geladene G\u00e4ste: Beim Landgasthaus Bauernhof hat es gen\u00fcgend Parkpl\u00e4tze. Gerne k\u00f6nnt ihr vor Ort parkieren. Anschliessend werden wir uns mit einem alten Postauto auf den Weg nach Schwyz ins Standesamt machen.<\/em><\/p>\n\n\n\n<div style=\"height:80px\" aria-hidden=\"true\" class=\"wp-block-spacer\"><\/div>\n\n\n\n<div class=\"wp-block-media-text is-stacked-on-mobile is-image-fill\" style=\"grid-template-columns:38% auto\"><figure class=\"wp-block-media-text__media\" style=\"background-image:url(https:\/\/06-12-24.ch\/wp-content\/uploads\/2023\/12\/Haecki-2023-6-1024x683.jpg);background-position:100% 57%\"><img decoding=\"async\" width=\"1024\" height=\"683\" src=\"https:\/\/06-12-24.ch\/wp-content\/uploads\/2023\/12\/Haecki-2023-6-1024x683.jpg\" alt=\"\" class=\"wp-image-106 size-full\" srcset=\"https:\/\/06-12-24.ch\/wp-content\/uploads\/2023\/12\/Haecki-2023-6-1024x683.jpg 1024w, https:\/\/06-12-24.ch\/wp-content\/uploads\/2023\/12\/Haecki-2023-6-300x200.jpg 300w, https:\/\/06-12-24.ch\/wp-content\/uploads\/2023\/12\/Haecki-2023-6-768x512.jpg 768w, https:\/\/06-12-24.ch\/wp-content\/uploads\/2023\/12\/Haecki-2023-6-1536x1024.jpg 1536w, https:\/\/06-12-24.ch\/wp-content\/uploads\/2023\/12\/Haecki-2023-6-2048x1365.jpg 2048w\" sizes=\"(max-width: 1024px) 100vw, 1024px\" \/><\/figure><div class=\"wp-block-media-text__content\">\n<p class=\"has-text-align-center\"><strong>Ap\u00e9ro<\/strong><\/p>\n\n\n\n<p class=\"has-text-align-center\">Anschliessend startet der Ap\u00e9ro* um 15.00 Uhr in der <a href=\"https:\/\/www.google.com\/maps\/place\/Alte+Mosterei\/@47.0572259,8.5248802,15z\/data=!4m2!3m1!1s0x0:0x8155374ad0ed7cba?sa=X&amp;ved=2ahUKEwiLyp_lt6CDAxXthP0HHfRmDiIQ_BJ6BAgLEAA\">alten Mosterei in Arth<\/a><\/p>\n<\/div><\/div>\n\n\n\n<p class=\"has-text-align-center has-small-font-size\">*<em>Hinweis: Bei der alten Mosterei hat es gen\u00fcgend Parkpl\u00e4tze. <strong>Wir w\u00fcnschen kein Spalierstehen beim Standesamt<\/strong> \u2013 es wird jedoch an der Ap\u00e9ro-Location einen Einzug mit einer speziellen Darbietung geben. <strong>Wir bitten alle Ap\u00e9ro-G\u00e4ste sich direkt in der alten Mosterei einzufinden.<\/strong><\/em><\/p>\n\n\n\n<div style=\"height:80px\" aria-hidden=\"true\" class=\"wp-block-spacer\"><\/div>\n\n\n\n<div class=\"wp-block-media-text is-stacked-on-mobile is-image-fill\" style=\"grid-template-columns:38% auto\"><figure class=\"wp-block-media-text__media\" style=\"background-image:url(https:\/\/06-12-24.ch\/wp-content\/uploads\/2023\/12\/Haecki-2023-275-1024x683.jpg);background-position:100% 0%\"><img decoding=\"async\" width=\"1024\" height=\"683\" src=\"https:\/\/06-12-24.ch\/wp-content\/uploads\/2023\/12\/Haecki-2023-275-1024x683.jpg\" alt=\"\" class=\"wp-image-108 size-full\" srcset=\"https:\/\/06-12-24.ch\/wp-content\/uploads\/2023\/12\/Haecki-2023-275-1024x683.jpg 1024w, https:\/\/06-12-24.ch\/wp-content\/uploads\/2023\/12\/Haecki-2023-275-300x200.jpg 300w, https:\/\/06-12-24.ch\/wp-content\/uploads\/2023\/12\/Haecki-2023-275-768x512.jpg 768w, https:\/\/06-12-24.ch\/wp-content\/uploads\/2023\/12\/Haecki-2023-275-1536x1024.jpg 1536w, https:\/\/06-12-24.ch\/wp-content\/uploads\/2023\/12\/Haecki-2023-275-2048x1365.jpg 2048w\" sizes=\"(max-width: 1024px) 100vw, 1024px\" \/><\/figure><div class=\"wp-block-media-text__content\">\n<p class=\"has-text-align-center\"><strong>Abendessen &amp; Party<\/strong><\/p>\n\n\n\n<p class=\"has-text-align-center\">F\u00fcr alle geladenen G\u00e4ste* startet das Abendessen um ca. 18.00 Uhr im <a href=\"https:\/\/www.google.com\/maps\/place\/Landgasthaus+Bauernhof\/@47.0351566,8.5797875,15z\/data=!4m2!3m1!1s0x0:0x1472ee29084faa3f?sa=X&amp;ved=2ahUKEwiLsfb6taCDAxVuh_0HHZkbBGMQ_BJ6BAgLEAA\">Landgasthaus Bauernhof in Lauerz<\/a><\/p>\n<\/div><\/div>\n\n\n\n<p class=\"has-text-align-center has-small-font-size\">*<em>Hinweis f\u00fcr geladene G\u00e4ste: Wir werden nach dem Ap\u00e9ro mit dem alten Postauto gemeinsam retour zum Landgasthaus Bauernhof fahren. Beim Landgasthaus Bauernhof hat es gen\u00fcgend Parkpl\u00e4tze.<\/em> Bei Wunsch auf \u00dcbernachtung vor Ort k\u00f6nnt ihr euch hier melden: <a href=\"mailto:anmeldung@06-12-24.ch\">anmeldung@06-12-24.ch<\/a><\/p>\n","protected":false},"excerpt":{"rendered":"<p>Wir freuen uns, euch an unserem besonderen Tag dabei zu haben! Hier findest du die wichtigsten Infos f\u00fcr die Hochzeit am 06.12.2024. Standesamt Der Treffpunkt* f\u00fcr alle geladenen G\u00e4ste f\u00fcr<\/p>\n<p class=\"more-link\"><a href=\"https:\/\/06-12-24.ch\/?page_id=95\" class=\"readmore\">Continue reading<svg class=\"icon icon-arrow-right\" aria-hidden=\"true\" role=\"img\"> <use href=\"#icon-arrow-right\" xlink:href=\"#icon-arrow-right\"><\/use> <\/svg><span class=\"screen-reader-text\">Ablauf<\/span><\/a><\/p>\n","protected":false},"author":1,"featured_media":0,"parent":0,"menu_order":0,"comment_status":"closed","ping_status":"closed","template":"","meta":{"footnotes":"[]"},"class_list":["post-95","page","type-page","status-publish","hentry"],"_links":{"self":[{"href":"https:\/\/06-12-24.ch\/index.php?rest_route=\/wp\/v2\/pages\/95","targetHints":{"allow":["GET"]}}],"collection":[{"href":"https:\/\/06-12-24.ch\/index.php?rest_route=\/wp\/v2\/pages"}],"about":[{"href":"https:\/\/06-12-24.ch\/index.php?rest_route=\/wp\/v2\/types\/page"}],"author":[{"embeddable":true,"href":"https:\/\/06-12-24.ch\/index.php?rest_route=\/wp\/v2\/users\/1"}],"replies":[{"embeddable":true,"href":"https:\/\/06-12-24.ch\/index.php?rest_route=%2Fwp%2Fv2%2Fcomments&post=95"}],"version-history":[{"count":15,"href":"https:\/\/06-12-24.ch\/index.php?rest_route=\/wp\/v2\/pages\/95\/revisions"}],"predecessor-version":[{"id":114,"href":"https:\/\/06-12-24.ch\/index.php?rest_route=\/wp\/v2\/pages\/95\/revisions\/114"}],"wp:attachment":[{"href":"https:\/\/06-12-24.ch\/index.php?rest_route=%2Fwp%2Fv2%2Fmedia&parent=95"}],"curies":[{"name":"wp","href":"https:\/\/api.w.org\/{rel}","templated":true}]}}